{"id":86,"date":"2014-11-28T17:50:08","date_gmt":"2014-11-28T17:50:08","guid":{"rendered":"https:\/\/aprendeoratoria.com\/sl\/?page_id=86"},"modified":"2020-08-20T12:47:39","modified_gmt":"2020-08-20T12:47:39","slug":"consignacion-de-dinero","status":"publish","type":"page","link":"https:\/\/aprendeoratoria.com\/sl\/consignacion-de-dinero\/","title":{"rendered":"Consignacion de dinero"},"content":{"rendered":"<p style=\"text-align: center;\"><strong><img decoding=\"async\" src=\"http:\/\/cursodepnl.com\/wp-content\/uploads\/2010\/12\/barra21.gif\" alt=\"barra2\"><\/strong><\/p>\n<p style=\"text-align: center;\"><strong>Por favor completa el siguiente formulario para recibir los datos para el dep\u00f3sito para tu inscripci\u00f3n al Curso Completo de Oratoria!<\/strong><\/p>\n<div align=\"center\"><div class=\"wpforms-container wpforms-container-full\" id=\"wpforms-2504\"><form id=\"wpforms-form-2504\" class=\"wpforms-validate wpforms-form\" data-formid=\"2504\" method=\"post\" enctype=\"multipart\/form-data\" action=\"\/sl\/wp-json\/wp\/v2\/pages\/86\" data-token=\"c849d5650cc75abfdbb79eedc45e9480\" data-token-time=\"1776760020\"><noscript class=\"wpforms-error-noscript\">Por favor, activa JavaScript en tu navegador para completar este formulario.<\/noscript><div class=\"wpforms-field-container\"><div id=\"wpforms-2504-field_0-container\" class=\"wpforms-field wpforms-field-name\" data-field-id=\"0\"><label class=\"wpforms-field-label\" for=\"wpforms-2504-field_0\">Nombre <span class=\"wpforms-required-label\">*<\/span><\/label><input type=\"text\" id=\"wpforms-2504-field_0\" class=\"wpforms-field-medium wpforms-field-required\" name=\"wpforms[fields][0]\" required><\/div><div id=\"wpforms-2504-field_1-container\" class=\"wpforms-field wpforms-field-email\" data-field-id=\"1\"><label class=\"wpforms-field-label\" for=\"wpforms-2504-field_1\">Correo electr\u00f3nico <span class=\"wpforms-required-label\">*<\/span><\/label><input type=\"email\" id=\"wpforms-2504-field_1\" class=\"wpforms-field-medium wpforms-field-required\" name=\"wpforms[fields][1]\" spellcheck=\"false\" required><\/div><div id=\"wpforms-2504-field_13-container\" class=\"wpforms-field wpforms-field-number\" data-field-id=\"13\"><label class=\"wpforms-field-label\" for=\"wpforms-2504-field_13\">Tu n\u00famero de Whatsapp (con c\u00f3digo de pa\u00eds) <span class=\"wpforms-required-label\">*<\/span><\/label><input type=\"number\" id=\"wpforms-2504-field_13\" class=\"wpforms-field-medium wpforms-field-required\" name=\"wpforms[fields][13]\" step=\"any\" required><\/div><\/div><!-- .wpforms-field-container --><div class=\"wpforms-field wpforms-field-hp\"><label for=\"wpforms-2504-field-hp\" class=\"wpforms-field-label\">Website<\/label><input type=\"text\" name=\"wpforms[hp]\" id=\"wpforms-2504-field-hp\" class=\"wpforms-field-medium\"><\/div><div class=\"wpforms-submit-container\" ><input type=\"hidden\" name=\"wpforms[id]\" value=\"2504\"><input type=\"hidden\" name=\"page_title\" value=\"\"><input type=\"hidden\" name=\"page_url\" value=\"https:\/\/aprendeoratoria.com\/sl\/wp-json\/wp\/v2\/pages\/86\"><input type=\"hidden\" name=\"url_referer\" value=\"\"><button type=\"submit\" name=\"wpforms[submit]\" id=\"wpforms-submit-2504\" class=\"wpforms-submit\" data-alt-text=\"Enviando...\" data-submit-text=\"Quiero Datos para Giro\" aria-live=\"assertive\" value=\"wpforms-submit\">Quiero Datos para Giro<\/button><\/div><\/form><\/div>  <!-- .wpforms-container --><\/div>\n","protected":false},"excerpt":{"rendered":"<p>Por favor completa el siguiente formulario para recibir los datos para el dep\u00f3sito para tu inscripci\u00f3n al Curso Completo de Oratoria!<\/p>\n","protected":false},"author":1,"featured_media":0,"parent":0,"menu_order":0,"comment_status":"open","ping_status":"open","template":"","meta":{"footnotes":""},"class_list":["post-86","page","type-page","status-publish","hentry"],"_links":{"self":[{"href":"https:\/\/aprendeoratoria.com\/sl\/wp-json\/wp\/v2\/pages\/86","targetHints":{"allow":["GET"]}}],"collection":[{"href":"https:\/\/aprendeoratoria.com\/sl\/wp-json\/wp\/v2\/pages"}],"about":[{"href":"https:\/\/aprendeoratoria.com\/sl\/wp-json\/wp\/v2\/types\/page"}],"author":[{"embeddable":true,"href":"https:\/\/aprendeoratoria.com\/sl\/wp-json\/wp\/v2\/users\/1"}],"replies":[{"embeddable":true,"href":"https:\/\/aprendeoratoria.com\/sl\/wp-json\/wp\/v2\/comments?post=86"}],"version-history":[{"count":6,"href":"https:\/\/aprendeoratoria.com\/sl\/wp-json\/wp\/v2\/pages\/86\/revisions"}],"predecessor-version":[{"id":2505,"href":"https:\/\/aprendeoratoria.com\/sl\/wp-json\/wp\/v2\/pages\/86\/revisions\/2505"}],"wp:attachment":[{"href":"https:\/\/aprendeoratoria.com\/sl\/wp-json\/wp\/v2\/media?parent=86"}],"curies":[{"name":"wp","href":"https:\/\/api.w.org\/{rel}","templated":true}]}}